{"id":3454,"date":"2025-03-18T13:17:06","date_gmt":"2025-03-18T13:17:06","guid":{"rendered":"https:\/\/woocares.com\/product\/niet-gecategoriseerd\/travel-and-care-letter-box\/"},"modified":"2026-03-19T13:48:17","modified_gmt":"2026-03-19T12:48:17","slug":"travel-and-care-letter-box","status":"publish","type":"product","link":"https:\/\/woocares.com\/nl\/product\/travel-and-care-letter-box\/","title":{"rendered":"WOO Travel and Soothe Gift Set"},"content":{"rendered":"<h3><strong data-start=\"117\" data-end=\"132\"><span style=\"color: #a3804a;\"><span style=\"font-size: 18.6667px;\">Description<\/span><\/span><\/strong><\/h3>\n<p data-start=\"98\" data-end=\"445\">De <strong>WOO Travel &amp; Soothe Set<\/strong> is een stijlvol, lichtgewicht en duurzaam brievenbusgeschenk, doordacht ontworpen voor wie altijd onderweg is maar geen concessies wil doen aan comfort en zelfzorg. Deze zorgvuldig samengestelde set biedt alles wat je nodig hebt voor een moment van ontspanning, verzorging en ingetogen luxe, waar je reis je ook brengt.<\/p>\n<p data-start=\"447\" data-end=\"782\">Ontworpen met zowel gemak als duurzaamheid in gedachten, is Travel &amp; Soothe de perfecte metgezel voor reizen, werk of alledaagse momenten die om rust en balans vragen. Elk element weerspiegelt WOO's toewijding aan verfijnd design, bewust vakmanschap en betekenisvolle verwennerij, wat het een ideaal geschenk maakt voor jezelf of een dierbare.<\/p>\n<h3><strong data-start=\"117\" data-end=\"132\"><span style=\"color: #a3804a;\"><span style=\"font-size: 18.6667px;\">Productdetails <\/span><\/span><\/strong><\/h3>\n<ul>\n<li data-start=\"78\" data-end=\"199\"><strong data-start=\"78\" data-end=\"108\">3 WOO Mini Geurkaarsen<\/strong> \u2013 Handgegoten in gerecycled glas, voor een warme en rustgevende sfeer waar je ook bent.<\/li>\n<li data-start=\"201\" data-end=\"341\"><strong data-start=\"201\" data-end=\"229\">2 Natuurlijke Handgemaakte Zepen<\/strong> \u2013 E\u00e9n verrijkt met houtskool voor een diepe reiniging, en \u00e9\u00e9n verrijkt met ricinusolie en alo\u00eb vera voor zachte verzorging.<\/li>\n<li data-start=\"343\" data-end=\"426\"><strong data-start=\"343\" data-end=\"366\">Voedende Lippenbalsem<\/strong> \u2013 Biedt bescherming en hydratatie voor zachte, gezonde lippen.<\/li>\n<li data-start=\"428\" data-end=\"522\"><strong data-start=\"428\" data-end=\"448\">Zijdezachte Handcr\u00e8me<\/strong> \u2013 Rijk voedend en hydraterend; perfect voor droge handen tijdens het reizen.<\/li>\n<\/ul>\n<h3><strong data-start=\"117\" data-end=\"132\"><span style=\"color: #a3804a;\"><span style=\"font-size: 18.6667px;\">Ingredi\u00ebnten <\/span><\/span><\/strong><\/h3>\n<p data-start=\"111\" data-end=\"293\"><strong data-start=\"111\" data-end=\"132\">Handcr\u00e8me (50ml)<\/strong><br data-start=\"132\" data-end=\"135\" \/>Marula-olie, Alo\u00eb Vera Water, Water, Rozenbottel-extract, Cacaoboter, Olijfgebaseerde Emulgatoren, Glycerine, Plantaardige Weekmaker, Natuurlijke Conserveermiddelen, Vitamine E.<\/p>\n<p data-start=\"300\" data-end=\"417\"><strong data-start=\"300\" data-end=\"334\">Body Butter (100ml, glazen pot)<a id=\"product_cat-add-toggle\" class=\"hide-if-no-js taxonomy-add-new\" href=\"https:\/\/woocares.com\/wp-admin\/post.php?post=3454&amp;action=edit#product_cat-add\"> + Nieuwe categorie toevoegen <\/a><\/strong><br data-start=\"334\" data-end=\"337\" \/>Sheaboter, Cacaoboter, Kokosolie, Jojoba-olie, Marula-olie, Plantaardige Was.<\/p>\n<p data-start=\"424\" data-end=\"517\"><strong data-start=\"424\" data-end=\"443\">Lippenbalsem (15ml)<\/strong><br data-start=\"443\" data-end=\"446\" \/>Zonnebloemolie, Sheaboter, Plantaardige Was, Vitamine E, Pepermuntolie.<\/p>\n<h3><strong data-start=\"117\" data-end=\"132\"><span style=\"color: #a3804a;\"><span style=\"font-size: 18.6667px;\">Geur <\/span><\/span><\/strong><\/h3>\n<p><strong data-start=\"161\" data-end=\"173\">Treasure<\/strong><br data-start=\"173\" data-end=\"176\" \/>Een warme en verwennende geur met rijke houttonen, zachte amber en subtiele specerijen. Treasure roept een gevoel van diepte en elegantie op, en omhult uw ruimte met een luxueuze, troostende sfeer van tijdloze karakter.<\/p>\n<p><strong data-start=\"399\" data-end=\"414\">Rust<\/strong><br data-start=\"414\" data-end=\"417\" \/>Een serene en kalmerende geur die delicate bloemen in balans brengt met frisse, schone accenten en zachte muskus. Tranquility cre\u00ebert een vredige, harmonieuze sfeer, perfect voor momenten van ontspanning en stille reflectie.<\/p>\n<h3><strong data-start=\"117\" data-end=\"132\"><span style=\"color: #a3804a;\"><span style=\"font-size: 18.6667px;\">Verpakking <\/span><\/span><\/strong><\/h3>\n<p>De Handcr\u00e8me, Body Butter en Lippenbalsem zijn met aandacht verpakt, met focus op duurzame luxe en verfijnde eenvoud. De Handcr\u00e8me zit in een strakke, praktische tube ontworpen voor moeiteloos dagelijks gebruik, terwijl de rijke Body Butter wordt gepresenteerd in een elegante glazen pot die de natuurlijke, voedende ingredi\u00ebnten benadrukt. De Lippenbalsem is verpakt in een compact, reisvriendelijk doosje, perfect voor verzorging onderweg.<\/p>\n<h3><strong data-start=\"117\" data-end=\"132\"><span style=\"color: #a3804a;\"><span style=\"font-size: 18.6667px;\">Veiligheid &amp; Gebruiksaanwijzing <\/span><\/span><\/strong><\/h3>\n<ul data-start=\"214\" data-end=\"558\">\n<li data-start=\"214\" data-end=\"332\">\n<p data-start=\"216\" data-end=\"332\"><strong data-start=\"216\" data-end=\"231\">Handcr\u00e8me:<\/strong> Breng een kleine hoeveelheid aan op schone, droge handen en masseer tot volledige absorptie. Dagelijks of naar behoefte gebruiken.<\/p>\n<\/li>\n<li data-start=\"333\" data-end=\"449\">\n<p data-start=\"335\" data-end=\"449\"><strong data-start=\"335\" data-end=\"351\">Body Butter:<\/strong> Masseer een royale hoeveelheid op schone, droge huid tot absorptie. Ideaal voor droge of gevoelige huid.<\/p>\n<\/li>\n<li data-start=\"450\" data-end=\"558\">\n<p data-start=\"452\" data-end=\"558\"><strong data-start=\"452\" data-end=\"465\">Lippenbalsem:<\/strong> Breng naar behoefte direct op de lippen aan voor hydratatie en bescherming. Gedurende de dag opnieuw aanbrengen.<\/p>\n<\/li>\n<\/ul>\n<p data-start=\"560\" data-end=\"794\"><strong data-start=\"560\" data-end=\"571\">Algemeen:<\/strong><br data-start=\"571\" data-end=\"574\" \/>Alleen voor uitwendig gebruik. Vermijd contact met de ogen. Voer voor eerste gebruik een plaktest uit. Gebruik staken bij irritatie. Buiten bereik van kinderen bewaren. Bewaren op een koele, droge plaats, uit direct zonlicht en weg van warmte.<\/p>\n<p class=\"\" data-start=\"1081\" data-end=\"1183\">","protected":false},"excerpt":{"rendered":"<p data-start=\"58\" data-end=\"124\"><span style=\"color: #b09b48;\"><strong data-start=\"58\" data-end=\"77\">Reisvriendelijk<\/strong> \u2013 Compacte essentials voor zelfzorg onderweg<\/span><\/p>\n<p data-start=\"127\" data-end=\"197\"><span style=\"color: #b09b48;\"><strong data-start=\"127\" data-end=\"153\">Duurzaam &amp; Handgemaakt<\/strong> \u2013 Milieubewuste, ambachtelijk vervaardigde producten<\/span><\/p>\n<p data-start=\"200\" data-end=\"256\"><span style=\"color: #b09b48;\"><strong data-start=\"200\" data-end=\"217\">Complete Verzorging<\/strong> \u2013 Handcr\u00e8me, bodybutter &amp; lippenbalsem<\/span><\/p>\n<p data-start=\"259\" data-end=\"317\"><span style=\"color: #b09b48;\"><strong data-start=\"259\" data-end=\"273\">Gereed om te geven<\/strong> \u2013 Stijlvol verpakt, perfect als geschenk<\/span><\/p>\n<p data-start=\"320\" data-end=\"375\" data-is-last-node=\"\"><span style=\"color: #b09b48;\"><strong data-start=\"320\" data-end=\"337\">Sociale Impact<\/strong> \u2013 Gemaakt met en voor lokale gemeenschappen<\/span><\/p>\n<p class=\"\" data-start=\"96\" data-end=\"534\">De <strong>WOO Travel Soft Set<\/strong> is het perfecte brievenbusgeschenk voor wie onderweg waarde hecht aan ontspanning, zelfzorg en duurzaamheid. Deze luxe set bevat handgemaakte, reisformaat persoonlijke verzorgingsproducten, ontworpen om comfort en momenten van rust te brengen waar je ook bent. Een attent gebaar dat oprechte zorg toont voor zowel mensen als de planeet \u2013 ideaal voor collega's, cli\u00ebnten of zelfs als traktatie voor jezelf.<\/p>","protected":false},"featured_media":5537,"comment_status":"closed","ping_status":"closed","template":"","meta":{"site-sidebar-layout":"default","site-content-layout":"","ast-site-content-layout":"default","site-content-style":"default","site-sidebar-style":"default","ast-global-header-display":"","ast-banner-title-visibility":"","ast-main-header-display":"","ast-hfb-above-header-display":"","ast-hfb-below-header-display":"","ast-hfb-mobile-header-display":"","site-post-title":"","ast-breadcrumbs-content":"","ast-featured-img":"","footer-sml-layout":"","ast-disable-related-posts":"","theme-transparent-header-meta":"default","adv-header-id-meta":"","stick-header-meta":"","header-above-stick-meta":"","header-main-stick-meta":"","header-below-stick-meta":"","astra-migrate-meta-layouts":"set","ast-page-background-enabled":"default","ast-page-background-meta":{"desktop":{"background-color":"var(--ast-global-color-5)","background-image":"","background-repeat":"repeat","background-position":"center center","background-size":"auto","background-attachment":"scroll","background-type":"","background-media":"","overlay-type":"","overlay-color":"","overlay-opacity":"","overlay-gradient":""},"tablet":{"background-color":"","background-image":"","background-repeat":"repeat","background-position":"center center","background-size":"auto","background-attachment":"scroll","background-type":"","background-media":"","overlay-type":"","overlay-color":"","overlay-opacity":"","overlay-gradient":""},"mobile":{"background-color":"","background-image":"","background-repeat":"repeat","background-position":"center center","background-size":"auto","background-attachment":"scroll","background-type":"","background-media":"","overlay-type":"","overlay-color":"","overlay-opacity":"","overlay-gradient":""}},"ast-content-background-meta":{"desktop":{"background-color":"var(--ast-global-color-4)","background-image":"","background-repeat":"repeat","background-position":"center center","background-size":"auto","background-attachment":"scroll","background-type":"","background-media":"","overlay-type":"","overlay-color":"","overlay-opacity":"","overlay-gradient":""},"tablet":{"background-color":"var(--ast-global-color-4)","background-image":"","background-repeat":"repeat","background-position":"center center","background-size":"auto","background-attachment":"scroll","background-type":"","background-media":"","overlay-type":"","overlay-color":"","overlay-opacity":"","overlay-gradient":""},"mobile":{"background-color":"var(--ast-global-color-4)","background-image":"","background-repeat":"repeat","background-position":"center center","background-size":"auto","background-attachment":"scroll","background-type":"","background-media":"","overlay-type":"","overlay-color":"","overlay-opacity":"","overlay-gradient":""}}},"product_brand":[],"product_cat":[112,26,179,21,25,111],"product_tag":[],"class_list":{"0":"post-3454","1":"product","2":"type-product","3":"status-publish","4":"has-post-thumbnail","6":"product_cat-corporate-gifting","7":"product_cat-gift-sets","8":"product_cat-letterbox","9":"product_cat-personal-care","10":"product_cat-scented-candles","11":"product_cat-social-return","12":"pa_fragrances-tranquility","13":"pa_fragrances-treasure","14":"desktop-align-center","15":"tablet-align-left","16":"mobile-align-left","17":"ast-product-gallery-layout-vertical-slider","18":"ast-magnify-disabled","19":"ast-product-single-variable","20":"ast-product-tabs-layout-accordion","22":"first","23":"onbackorder","24":"shipping-taxable","25":"purchasable","26":"product-type-variable"},"yoast_head":"<!-- This site is optimized with the Yoast SEO plugin v27.5 - https:\/\/yoast.com\/product\/yoast-seo-wordpress\/ -->\n<title>WOO Travel and Soothe Gift Set -<\/title>\n<meta name=\"description\" content=\"Discover sustainable gifts with impact: handcrafted with care for people and planet, perfect for conscious luxury gifting.\" \/>\n<meta name=\"robots\" content=\"index, follow, max-snippet:-1, max-image-preview:large, max-video-preview:-1\" \/>\n<link rel=\"canonical\" href=\"https:\/\/woocares.com\/nl\/product\/travel-and-care-letter-box\/\" \/>\n<meta property=\"og:locale\" content=\"nl_NL\" \/>\n<meta property=\"og:type\" content=\"article\" \/>\n<meta property=\"og:title\" content=\"WOO Travel and Soothe Gift Set -\" \/>\n<meta property=\"og:description\" content=\"Discover sustainable gifts with impact: handcrafted with care for people and planet, perfect for conscious luxury gifting.\" \/>\n<meta property=\"og:url\" content=\"https:\/\/woocares.com\/nl\/product\/travel-and-care-letter-box\/\" \/>\n<meta property=\"article:publisher\" content=\"https:\/\/www.facebook.com\/WOOCARES\" \/>\n<meta property=\"article:modified_time\" content=\"2026-03-19T12:48:17+00:00\" \/>\n<meta property=\"og:image\" content=\"https:\/\/woocares.com\/wp-content\/uploads\/2025\/03\/travel-and-soothe-1.png\" \/>\n\t<meta property=\"og:image:width\" content=\"1920\" \/>\n\t<meta property=\"og:image:height\" content=\"1280\" \/>\n\t<meta property=\"og:image:type\" content=\"image\/png\" \/>\n<meta name=\"twitter:card\" content=\"summary_large_image\" \/>\n<meta name=\"twitter:site\" content=\"@woo__cares\" \/>\n<meta name=\"twitter:label1\" content=\"Geschatte leestijd\" \/>\n\t<meta name=\"twitter:data1\" content=\"2 minuten\" \/>\n<script type=\"application\/ld+json\" class=\"yoast-schema-graph\">{\"@context\":\"https:\\\/\\\/schema.org\",\"@graph\":[{\"@type\":\"WebPage\",\"@id\":\"https:\\\/\\\/woocares.com\\\/product\\\/travel-and-care-letter-box\\\/\",\"url\":\"https:\\\/\\\/woocares.com\\\/product\\\/travel-and-care-letter-box\\\/\",\"name\":\"WOO Travel and Soothe Gift Set -\",\"isPartOf\":{\"@id\":\"https:\\\/\\\/woocares.com\\\/#website\"},\"primaryImageOfPage\":{\"@id\":\"https:\\\/\\\/woocares.com\\\/product\\\/travel-and-care-letter-box\\\/#primaryimage\"},\"image\":{\"@id\":\"https:\\\/\\\/woocares.com\\\/product\\\/travel-and-care-letter-box\\\/#primaryimage\"},\"thumbnailUrl\":\"https:\\\/\\\/woocares.com\\\/wp-content\\\/uploads\\\/2025\\\/03\\\/travel-and-soothe-1.png\",\"datePublished\":\"2025-03-18T13:17:06+00:00\",\"dateModified\":\"2026-03-19T12:48:17+00:00\",\"description\":\"Discover sustainable gifts with impact: handcrafted with care for people and planet, perfect for conscious luxury gifting.\",\"breadcrumb\":{\"@id\":\"https:\\\/\\\/woocares.com\\\/product\\\/travel-and-care-letter-box\\\/#breadcrumb\"},\"inLanguage\":\"nl-NL\",\"potentialAction\":[{\"@type\":\"ReadAction\",\"target\":[\"https:\\\/\\\/woocares.com\\\/product\\\/travel-and-care-letter-box\\\/\"]}]},{\"@type\":\"ImageObject\",\"inLanguage\":\"nl-NL\",\"@id\":\"https:\\\/\\\/woocares.com\\\/product\\\/travel-and-care-letter-box\\\/#primaryimage\",\"url\":\"https:\\\/\\\/woocares.com\\\/wp-content\\\/uploads\\\/2025\\\/03\\\/travel-and-soothe-1.png\",\"contentUrl\":\"https:\\\/\\\/woocares.com\\\/wp-content\\\/uploads\\\/2025\\\/03\\\/travel-and-soothe-1.png\",\"width\":1920,\"height\":1280},{\"@type\":\"BreadcrumbList\",\"@id\":\"https:\\\/\\\/woocares.com\\\/product\\\/travel-and-care-letter-box\\\/#breadcrumb\",\"itemListElement\":[{\"@type\":\"ListItem\",\"position\":1,\"name\":\"Home\",\"item\":\"https:\\\/\\\/woocares.com\\\/\"},{\"@type\":\"ListItem\",\"position\":2,\"name\":\"Shop\",\"item\":\"https:\\\/\\\/woocares.com\\\/shop\\\/\"},{\"@type\":\"ListItem\",\"position\":3,\"name\":\"WOO Travel and Soothe Gift Set\"}]},{\"@type\":\"WebSite\",\"@id\":\"https:\\\/\\\/woocares.com\\\/#website\",\"url\":\"https:\\\/\\\/woocares.com\\\/\",\"name\":\"\",\"description\":\"The brand that gives back\",\"publisher\":{\"@id\":\"https:\\\/\\\/woocares.com\\\/#organization\"},\"potentialAction\":[{\"@type\":\"SearchAction\",\"target\":{\"@type\":\"EntryPoint\",\"urlTemplate\":\"https:\\\/\\\/woocares.com\\\/?s={search_term_string}\"},\"query-input\":{\"@type\":\"PropertyValueSpecification\",\"valueRequired\":true,\"valueName\":\"search_term_string\"}}],\"inLanguage\":\"nl-NL\"},{\"@type\":\"Organization\",\"@id\":\"https:\\\/\\\/woocares.com\\\/#organization\",\"name\":\"Worlds of Opportunities\",\"alternateName\":\"Woocares\",\"url\":\"https:\\\/\\\/woocares.com\\\/\",\"logo\":{\"@type\":\"ImageObject\",\"inLanguage\":\"nl-NL\",\"@id\":\"https:\\\/\\\/woocares.com\\\/#\\\/schema\\\/logo\\\/image\\\/\",\"url\":\"https:\\\/\\\/woocares.com\\\/wp-content\\\/uploads\\\/2021\\\/02\\\/logo.svg\",\"contentUrl\":\"https:\\\/\\\/woocares.com\\\/wp-content\\\/uploads\\\/2021\\\/02\\\/logo.svg\",\"width\":1,\"height\":1,\"caption\":\"Worlds of Opportunities\"},\"image\":{\"@id\":\"https:\\\/\\\/woocares.com\\\/#\\\/schema\\\/logo\\\/image\\\/\"},\"sameAs\":[\"https:\\\/\\\/www.facebook.com\\\/WOOCARES\",\"https:\\\/\\\/x.com\\\/woo__cares\",\"https:\\\/\\\/www.instagram.com\\\/woocares\\\/\"]}]}<\/script>\n<!-- \/ Yoast SEO plugin. -->","yoast_head_json":{"title":"WOO Travel and Soothe Gift Set -","description":"Ontdek duurzame geschenken met impact: met zorg handgemaakt voor mens en planeet, perfect voor bewuste luxe geschenken.","robots":{"index":"index","follow":"follow","max-snippet":"max-snippet:-1","max-image-preview":"max-image-preview:large","max-video-preview":"max-video-preview:-1"},"canonical":"https:\/\/woocares.com\/nl\/product\/travel-and-care-letter-box\/","og_locale":"nl_NL","og_type":"article","og_title":"WOO Travel and Soothe Gift Set -","og_description":"Discover sustainable gifts with impact: handcrafted with care for people and planet, perfect for conscious luxury gifting.","og_url":"https:\/\/woocares.com\/nl\/product\/travel-and-care-letter-box\/","article_publisher":"https:\/\/www.facebook.com\/WOOCARES","article_modified_time":"2026-03-19T12:48:17+00:00","og_image":[{"width":1920,"height":1280,"url":"https:\/\/woocares.com\/wp-content\/uploads\/2025\/03\/travel-and-soothe-1.png","type":"image\/png"}],"twitter_card":"summary_large_image","twitter_site":"@woo__cares","twitter_misc":{"Geschatte leestijd":"2 minuten"},"schema":{"@context":"https:\/\/schema.org","@graph":[{"@type":"WebPage","@id":"https:\/\/woocares.com\/product\/travel-and-care-letter-box\/","url":"https:\/\/woocares.com\/product\/travel-and-care-letter-box\/","name":"WOO Travel and Soothe Gift Set -","isPartOf":{"@id":"https:\/\/woocares.com\/#website"},"primaryImageOfPage":{"@id":"https:\/\/woocares.com\/product\/travel-and-care-letter-box\/#primaryimage"},"image":{"@id":"https:\/\/woocares.com\/product\/travel-and-care-letter-box\/#primaryimage"},"thumbnailUrl":"https:\/\/woocares.com\/wp-content\/uploads\/2025\/03\/travel-and-soothe-1.png","datePublished":"2025-03-18T13:17:06+00:00","dateModified":"2026-03-19T12:48:17+00:00","description":"Ontdek duurzame geschenken met impact: met zorg handgemaakt voor mens en planeet, perfect voor bewuste luxe geschenken.","breadcrumb":{"@id":"https:\/\/woocares.com\/product\/travel-and-care-letter-box\/#breadcrumb"},"inLanguage":"nl-NL","potentialAction":[{"@type":"ReadAction","target":["https:\/\/woocares.com\/product\/travel-and-care-letter-box\/"]}]},{"@type":"ImageObject","inLanguage":"nl-NL","@id":"https:\/\/woocares.com\/product\/travel-and-care-letter-box\/#primaryimage","url":"https:\/\/woocares.com\/wp-content\/uploads\/2025\/03\/travel-and-soothe-1.png","contentUrl":"https:\/\/woocares.com\/wp-content\/uploads\/2025\/03\/travel-and-soothe-1.png","width":1920,"height":1280},{"@type":"BreadcrumbList","@id":"https:\/\/woocares.com\/product\/travel-and-care-letter-box\/#breadcrumb","itemListElement":[{"@type":"ListItem","position":1,"name":"Home","item":"https:\/\/woocares.com\/"},{"@type":"ListItem","position":2,"name":"Shop","item":"https:\/\/woocares.com\/shop\/"},{"@type":"ListItem","position":3,"name":"WOO Travel and Soothe Gift Set"}]},{"@type":"WebSite","@id":"https:\/\/woocares.com\/#website","url":"https:\/\/woocares.com\/","name":"","description":"Het merk dat iets teruggeeft","publisher":{"@id":"https:\/\/woocares.com\/#organization"},"potentialAction":[{"@type":"SearchAction","target":{"@type":"EntryPoint","urlTemplate":"https:\/\/woocares.com\/?s={search_term_string}"},"query-input":{"@type":"PropertyValueSpecification","valueRequired":true,"valueName":"search_term_string"}}],"inLanguage":"nl-NL"},{"@type":"Organization","@id":"https:\/\/woocares.com\/#organization","name":"Werelden van Kansen","alternateName":"Woocares","url":"https:\/\/woocares.com\/","logo":{"@type":"ImageObject","inLanguage":"nl-NL","@id":"https:\/\/woocares.com\/#\/schema\/logo\/image\/","url":"https:\/\/woocares.com\/wp-content\/uploads\/2021\/02\/logo.svg","contentUrl":"https:\/\/woocares.com\/wp-content\/uploads\/2021\/02\/logo.svg","width":1,"height":1,"caption":"Worlds of Opportunities"},"image":{"@id":"https:\/\/woocares.com\/#\/schema\/logo\/image\/"},"sameAs":["https:\/\/www.facebook.com\/WOOCARES","https:\/\/x.com\/woo__cares","https:\/\/www.instagram.com\/woocares\/"]}]}},"_links":{"self":[{"href":"https:\/\/woocares.com\/nl\/wp-json\/wp\/v2\/product\/3454","targetHints":{"allow":["GET"]}}],"collection":[{"href":"https:\/\/woocares.com\/nl\/wp-json\/wp\/v2\/product"}],"about":[{"href":"https:\/\/woocares.com\/nl\/wp-json\/wp\/v2\/types\/product"}],"replies":[{"embeddable":true,"href":"https:\/\/woocares.com\/nl\/wp-json\/wp\/v2\/comments?post=3454"}],"wp:featuredmedia":[{"embeddable":true,"href":"https:\/\/woocares.com\/nl\/wp-json\/wp\/v2\/media\/5537"}],"wp:attachment":[{"href":"https:\/\/woocares.com\/nl\/wp-json\/wp\/v2\/media?parent=3454"}],"wp:term":[{"taxonomy":"product_brand","embeddable":true,"href":"https:\/\/woocares.com\/nl\/wp-json\/wp\/v2\/product_brand?post=3454"},{"taxonomy":"product_cat","embeddable":true,"href":"https:\/\/woocares.com\/nl\/wp-json\/wp\/v2\/product_cat?post=3454"},{"taxonomy":"product_tag","embeddable":true,"href":"https:\/\/woocares.com\/nl\/wp-json\/wp\/v2\/product_tag?post=3454"}],"curies":[{"name":"wp","href":"https:\/\/api.w.org\/{rel}","templated":true}]}}